{"id":3047,"date":"2025-05-19T13:55:56","date_gmt":"2025-05-19T13:55:56","guid":{"rendered":"https:\/\/guidappro-dz.com\/?post_type=product&#038;p=3047"},"modified":"2025-05-19T14:00:37","modified_gmt":"2025-05-19T14:00:37","slug":"tapis-adhesif","status":"publish","type":"product","link":"https:\/\/guidappro-dz.com\/?product=tapis-adhesif","title":{"rendered":"Tapis adh\u00e9sif"},"content":{"rendered":"","protected":false},"excerpt":{"rendered":"<p>une isolation souple avec une face autocollante, con\u00e7ue pour coller facilement sur diff\u00e9rentes surfaces.<\/p>\n<p>Utilisation :<\/p>\n<p>utilis\u00e9 pour isoler ou prot\u00e9ger des surfaces, notamment dans les syst\u00e8mes de chauffage, ventilation ou climatisation.<\/p>\n<p>Dimensions :<\/p>\n<p>Tapis adh\u00e9sif on 06-99\/EA (m\u00b2\/Rlx)<\/p>\n<p>Tapis adh\u00e9sif on 09-99\/EA (20 m\u00b2\/Rlx)<\/p>\n<p>Tapis adh\u00e9sif on 13-99\/EA (14 m\u00b2\/Rlx)<\/p>\n<p>Tapis adh\u00e9sif on 19-99\/EA (10 m\u00b2\/Rlx)<\/p>\n<p>Tapis adh\u00e9sif on 25-99\/EA (8 m\u00b2\/Rlx)<\/p>\n<p>Fiche technique :\u00a0 <a href=\"https:\/\/www.armacell.com\/fr-CA\/aparmaflex-auto-adhesive\">https:\/\/www.armacell.com\/fr-CA\/aparmaflex-auto-adhesive<\/a><\/p>\n<p>&nbsp;<\/p>\n","protected":false},"featured_media":3048,"template":"","meta":{"site-sidebar-layout":"default","site-content-layout":"","ast-site-content-layout":"default","site-content-style":"default","site-sidebar-style":"default","ast-global-header-display":"","ast-banner-title-visibility":"","ast-main-header-display":"","ast-hfb-above-header-display":"","ast-hfb-below-header-display":"","ast-hfb-mobile-header-display":"","site-post-title":"","ast-breadcrumbs-content":"","ast-featured-img":"","footer-sml-layout":"","theme-transparent-header-meta":"default","adv-header-id-meta":"","stick-header-meta":"","header-above-stick-meta":"","header-main-stick-meta":"","header-below-stick-meta":"","astra-migrate-meta-layouts":"set","ast-page-background-enabled":"default","ast-page-background-meta":{"desktop":{"background-color":"var(--ast-global-color-4)","background-image":"","background-repeat":"repeat","background-position":"center center","background-size":"auto","background-attachment":"scroll","background-type":"","background-media":"","overlay-type":"","overlay-color":"","overlay-opacity":"","overlay-gradient":""},"tablet":{"background-color":"","background-image":"","background-repeat":"repeat","background-position":"center center","background-size":"auto","background-attachment":"scroll","background-type":"","background-media":"","overlay-type":"","overlay-color":"","overlay-opacity":"","overlay-gradient":""},"mobile":{"background-color":"","background-image":"","background-repeat":"repeat","background-position":"center center","background-size":"auto","background-attachment":"scroll","background-type":"","background-media":"","overlay-type":"","overlay-color":"","overlay-opacity":"","overlay-gradient":""}},"ast-content-background-meta":{"desktop":{"background-color":"var(--ast-global-color-5)","background-image":"","background-repeat":"repeat","background-position":"center center","background-size":"auto","background-attachment":"scroll","background-type":"","background-media":"","overlay-type":"","overlay-color":"","overlay-opacity":"","overlay-gradient":""},"tablet":{"background-color":"var(--ast-global-color-5)","background-image":"","background-repeat":"repeat","background-position":"center center","background-size":"auto","background-attachment":"scroll","background-type":"","background-media":"","overlay-type":"","overlay-color":"","overlay-opacity":"","overlay-gradient":""},"mobile":{"background-color":"var(--ast-global-color-5)","background-image":"","background-repeat":"repeat","background-position":"center center","background-size":"auto","background-attachment":"scroll","background-type":"","background-media":"","overlay-type":"","overlay-color":"","overlay-opacity":"","overlay-gradient":""}}},"product_brand":[],"product_cat":[45],"product_tag":[],"class_list":{"0":"post-3047","1":"product","2":"type-product","3":"status-publish","4":"has-post-thumbnail","6":"product_cat-tapis-adhesif","7":"desktop-align-center","8":"tablet-align-left","9":"mobile-align-left","11":"first","12":"instock","13":"shipping-taxable","14":"product-type-simple"},"_links":{"self":[{"href":"https:\/\/guidappro-dz.com\/index.php?rest_route=\/wp\/v2\/product\/3047","targetHints":{"allow":["GET"]}}],"collection":[{"href":"https:\/\/guidappro-dz.com\/index.php?rest_route=\/wp\/v2\/product"}],"about":[{"href":"https:\/\/guidappro-dz.com\/index.php?rest_route=\/wp\/v2\/types\/product"}],"wp:featuredmedia":[{"embeddable":true,"href":"https:\/\/guidappro-dz.com\/index.php?rest_route=\/wp\/v2\/media\/3048"}],"wp:attachment":[{"href":"https:\/\/guidappro-dz.com\/index.php?rest_route=%2Fwp%2Fv2%2Fmedia&parent=3047"}],"wp:term":[{"taxonomy":"product_brand","embeddable":true,"href":"https:\/\/guidappro-dz.com\/index.php?rest_route=%2Fwp%2Fv2%2Fproduct_brand&post=3047"},{"taxonomy":"product_cat","embeddable":true,"href":"https:\/\/guidappro-dz.com\/index.php?rest_route=%2Fwp%2Fv2%2Fproduct_cat&post=3047"},{"taxonomy":"product_tag","embeddable":true,"href":"https:\/\/guidappro-dz.com\/index.php?rest_route=%2Fwp%2Fv2%2Fproduct_tag&post=3047"}],"curies":[{"name":"wp","href":"https:\/\/api.w.org\/{rel}","templated":true}]}}