{"id":3073,"date":"2025-05-21T10:19:17","date_gmt":"2025-05-21T10:19:17","guid":{"rendered":"https:\/\/guidappro-dz.com\/?post_type=product&#038;p=3073"},"modified":"2025-05-27T10:43:20","modified_gmt":"2025-05-27T10:43:20","slug":"ventilateur-axial-ta-hp","status":"publish","type":"product","link":"https:\/\/guidappro-dz.com\/?product=ventilateur-axial-ta-hp","title":{"rendered":"TA-HP"},"content":{"rendered":"","protected":false},"excerpt":{"rendered":"<p>Un ventilateur axial gainable \u00e0 haut rendement, avec des pales a\u00e9rodynamiques et r\u00e9glables pour une performance optimale.<\/p>\n<p><strong>Utilisation :<\/strong><\/p>\n<article class=\"text-token-text-primary w-full\" dir=\"auto\" data-testid=\"conversation-turn-10\" data-scroll-anchor=\"false\">\n<div class=\"text-base my-auto mx-auto py-5 [--thread-content-margin:--spacing(4)] @[37rem]:[--thread-content-margin:--spacing(6)] @[72rem]:[--thread-content-margin:--spacing(16)] px-(--thread-content-margin)\">\n<div class=\"[--thread-content-max-width:32rem] @[34rem]:[--thread-content-max-width:40rem] @[64rem]:[--thread-content-max-width:48rem] mx-auto flex max-w-(--thread-content-max-width) flex-1 text-base gap-4 md:gap-5 lg:gap-6 group\/turn-messages focus-visible:outline-hidden\" tabindex=\"-1\">\n<div class=\"group\/conversation-turn relative flex w-full min-w-0 flex-col agent-turn\">\n<div class=\"relative flex-col gap-1 md:gap-3\">\n<div class=\"flex max-w-full flex-col grow\">\n<div class=\"min-h-8 text-message relative flex w-full flex-col items-end gap-2 text-start break-words whitespace-normal [.text-message+&amp;]:mt-5\" dir=\"auto\" data-message-author-role=\"assistant\" data-message-id=\"5fadb946-8f89-4079-ab31-7cc57a79566e\" data-message-model-slug=\"gpt-4o\">\n<div class=\"flex w-full flex-col gap-1 empty:hidden first:pt-[3px]\">\n<div class=\"markdown prose dark:prose-invert w-full break-words light\">\n<p class=\"\" data-start=\"0\" data-end=\"327\">Destin\u00e9 aux applications n\u00e9cessitant un d\u00e9bit d\u2019air \u00e9lev\u00e9 et une pression constante, notamment dans les environnements industriels exigeants.<\/p>\n<p data-start=\"0\" data-end=\"327\"><strong>capacit\u00e9s :<\/strong><\/p>\n<p data-start=\"0\" data-end=\"327\">VENTILATEUR AXIAL TA-HP-240-12-6-41 -1V<\/p>\n<p data-start=\"0\" data-end=\"327\">VENTILATEUR AXIAL TA-HP 1120-406-12-12-38<\/p>\n<p data-start=\"0\" data-end=\"327\">VENTILATEUR AXIAL TA-HP 710 240-12-12 35\u00b0<\/p>\n<p data-start=\"0\" data-end=\"327\">VENTILATEUR AXIAL TA-HP-1400-523-9-9-21<\/p>\n<p data-start=\"0\" data-end=\"327\">VENTILATEUR AXIAL TA-HP-400-240-12-6-17 -1V<\/p>\n<p data-start=\"0\" data-end=\"327\">VENTILATEUR AXIAL TA-HP-450-240-12-9-33 -1V<\/p>\n<p data-start=\"0\" data-end=\"327\">VENTILATEUR AXIAL TA-HP 900-406-12-6-45 11kw<br \/>\n35000M3\/H-500PA<\/p>\n<p data-start=\"0\" data-end=\"327\">VENTILATEUR AXIAL TA-HP 1120-297-6-6-52 &#8211; 22kw<\/p>\n<p data-start=\"0\" data-end=\"327\">VENTILATEUR AXIAL TA-HP-630-150-6-6-44 -2V<\/p>\n<p data-start=\"0\" data-end=\"327\">VENTILATEUR AXIAL TA-HP 714 240-12-9 36\u00b0B 2.2K V.<\/p>\n<p data-start=\"0\" data-end=\"327\">VENTILATEUR AXIAL TA-HP 634 240-12-12 18\u00b0 B 0.55 K V .<\/p>\n<\/div>\n<\/div>\n<\/div>\n<\/div>\n<div class=\"flex absolute start-0 end-0 flex justify-start\">\n<div class=\"touch:-me-2 touch:-ms-3.5 -ms-2.5 -me-1 flex items-center p-1 select-none -mt-1 focus-within:transition-none hover:transition-none duration-500 group-hover\/turn-messages:delay-300 pointer-events-none [mask-image:linear-gradient(to_right,black_33%,transparent_66%)] [mask-size:300%_100%] [mask-position:100%_0%] motion-safe:transition-[mask-position] group-hover\/turn-messages:pointer-events-auto group-hover\/turn-messages:[mask-position:0_0] group-focus-within\/turn-messages:pointer-events-auto group-focus-within\/turn-messages:[mask-position:0_0] has-data-[state=open]:pointer-events-auto has-data-[state=open]:[mask-position:0_0]\">Fiche technique : <a href=\"https:\/\/www.goveco.com\/fr\/desproduits\/ventilateurs-axiaux\/396838\/ta-hp-ventilateur-axial-gainable-haute-performance\">https:\/\/www.goveco.com\/fr\/desproduits\/ventilateurs-axiaux\/396838\/ta-hp-ventilateur-axial-gainable-haute-performance<\/a><\/div>\n<\/div>\n<\/div>\n<div class=\"absolute\">\n<div class=\"flex items-center justify-center\"><\/div>\n<\/div>\n<\/div>\n<\/div>\n<\/div>\n<\/article>\n<article class=\"text-token-text-primary w-full\" dir=\"auto\" data-testid=\"conversation-turn-11\" data-scroll-anchor=\"false\">\n<h5 class=\"sr-only\"><\/h5>\n<\/article>\n","protected":false},"featured_media":3074,"template":"","meta":{"site-sidebar-layout":"default","site-content-layout":"","ast-site-content-layout":"default","site-content-style":"default","site-sidebar-style":"default","ast-global-header-display":"","ast-banner-title-visibility":"","ast-main-header-display":"","ast-hfb-above-header-display":"","ast-hfb-below-header-display":"","ast-hfb-mobile-header-display":"","site-post-title":"","ast-breadcrumbs-content":"","ast-featured-img":"","footer-sml-layout":"","theme-transparent-header-meta":"default","adv-header-id-meta":"","stick-header-meta":"","header-above-stick-meta":"","header-main-stick-meta":"","header-below-stick-meta":"","astra-migrate-meta-layouts":"set","ast-page-background-enabled":"default","ast-page-background-meta":{"desktop":{"background-color":"var(--ast-global-color-4)","background-image":"","background-repeat":"repeat","background-position":"center center","background-size":"auto","background-attachment":"scroll","background-type":"","background-media":"","overlay-type":"","overlay-color":"","overlay-opacity":"","overlay-gradient":""},"tablet":{"background-color":"","background-image":"","background-repeat":"repeat","background-position":"center center","background-size":"auto","background-attachment":"scroll","background-type":"","background-media":"","overlay-type":"","overlay-color":"","overlay-opacity":"","overlay-gradient":""},"mobile":{"background-color":"","background-image":"","background-repeat":"repeat","background-position":"center center","background-size":"auto","background-attachment":"scroll","background-type":"","background-media":"","overlay-type":"","overlay-color":"","overlay-opacity":"","overlay-gradient":""}},"ast-content-background-meta":{"desktop":{"background-color":"var(--ast-global-color-5)","background-image":"","background-repeat":"repeat","background-position":"center center","background-size":"auto","background-attachment":"scroll","background-type":"","background-media":"","overlay-type":"","overlay-color":"","overlay-opacity":"","overlay-gradient":""},"tablet":{"background-color":"var(--ast-global-color-5)","background-image":"","background-repeat":"repeat","background-position":"center center","background-size":"auto","background-attachment":"scroll","background-type":"","background-media":"","overlay-type":"","overlay-color":"","overlay-opacity":"","overlay-gradient":""},"mobile":{"background-color":"var(--ast-global-color-5)","background-image":"","background-repeat":"repeat","background-position":"center center","background-size":"auto","background-attachment":"scroll","background-type":"","background-media":"","overlay-type":"","overlay-color":"","overlay-opacity":"","overlay-gradient":""}}},"product_brand":[],"product_cat":[50],"product_tag":[],"class_list":{"0":"post-3073","1":"product","2":"type-product","3":"status-publish","4":"has-post-thumbnail","6":"product_cat-ventilateurs-axiaux","7":"desktop-align-center","8":"tablet-align-left","9":"mobile-align-left","11":"first","12":"instock","13":"shipping-taxable","14":"product-type-simple"},"_links":{"self":[{"href":"https:\/\/guidappro-dz.com\/index.php?rest_route=\/wp\/v2\/product\/3073","targetHints":{"allow":["GET"]}}],"collection":[{"href":"https:\/\/guidappro-dz.com\/index.php?rest_route=\/wp\/v2\/product"}],"about":[{"href":"https:\/\/guidappro-dz.com\/index.php?rest_route=\/wp\/v2\/types\/product"}],"wp:featuredmedia":[{"embeddable":true,"href":"https:\/\/guidappro-dz.com\/index.php?rest_route=\/wp\/v2\/media\/3074"}],"wp:attachment":[{"href":"https:\/\/guidappro-dz.com\/index.php?rest_route=%2Fwp%2Fv2%2Fmedia&parent=3073"}],"wp:term":[{"taxonomy":"product_brand","embeddable":true,"href":"https:\/\/guidappro-dz.com\/index.php?rest_route=%2Fwp%2Fv2%2Fproduct_brand&post=3073"},{"taxonomy":"product_cat","embeddable":true,"href":"https:\/\/guidappro-dz.com\/index.php?rest_route=%2Fwp%2Fv2%2Fproduct_cat&post=3073"},{"taxonomy":"product_tag","embeddable":true,"href":"https:\/\/guidappro-dz.com\/index.php?rest_route=%2Fwp%2Fv2%2Fproduct_tag&post=3073"}],"curies":[{"name":"wp","href":"https:\/\/api.w.org\/{rel}","templated":true}]}}