{"id":3099,"date":"2025-05-22T12:21:01","date_gmt":"2025-05-22T12:21:01","guid":{"rendered":"https:\/\/guidappro-dz.com\/?post_type=product&#038;p=3099"},"modified":"2025-05-27T10:53:15","modified_gmt":"2025-05-27T10:53:15","slug":"box-t","status":"publish","type":"product","link":"https:\/\/guidappro-dz.com\/?product=box-t","title":{"rendered":"BOX-T"},"content":{"rendered":"","protected":false},"excerpt":{"rendered":"<p>Une gamme de ventilateurs con\u00e7us pour d\u00e9placer l\u2019air tout en r\u00e9duisant le bruit, id\u00e9ale pour les lieux o\u00f9 le silence est important.<\/p>\n<p><strong>\u00a0Utilisation:<\/strong><\/p>\n<p>BOX-T permet l\u2019extraction, l\u2019insufflation ou la filtration de l\u2019air avec un faible niveau sonore, id\u00e9al pour les zones urbaines ou industrielles, de -20\u202f\u00b0C \u00e0 +50\u202f\u00b0C.<\/p>\n<p><strong>Dimensions :<\/strong><\/p>\n<p>BOX-T 7\/7\u00a0 \u00a0 \u00a0 \u00a0 \u00a0 \u00a0 \u00a0 \u00a0 \u00a0<span style=\"font-size: 16px; font-style: normal; font-weight: 400;\">BOX-T 9\/7<\/span><\/p>\n<p>BOX-T 9\/9\u00a0 \u00a0 \u00a0 \u00a0 \u00a0 \u00a0 \u00a0 \u00a0 \u00a0<span style=\"font-size: 16px; font-style: normal; font-weight: 400;\">BOX-T 10\/9<\/span><\/p>\n<p>BOX-T 10\/10\u00a0 \u00a0 \u00a0 \u00a0 \u00a0 \u00a0 \u00a0<span style=\"font-size: 16px; font-style: normal; font-weight: 400;\">BOX-T 12\/9<\/span><\/p>\n<p>BOX-T\u00a0 12\/12\u00a0 \u00a0 \u00a0 \u00a0 \u00a0 \u00a0 \u00a0<span style=\"font-size: 16px; font-style: normal; font-weight: 400;\">BOX-T 15\/15<\/span><\/p>\n<p>BOX-T 18\/18\u00a0 \u00a0 \u00a0 \u00a0 \u00a0 \u00a0 \u00a0 <span style=\"font-size: 16px; font-style: normal; font-weight: 400;\">BOX-T 500<\/span><\/p>\n<p>BOX-T 560\u00a0 \u00a0 \u00a0 \u00a0 \u00a0 \u00a0 \u00a0 \u00a0 \u00a0<span style=\"font-size: 16px; font-style: normal; font-weight: 400;\">BOX-T 630<\/span><\/p>\n<p>Fiche technique :<\/p>\n<p><a href=\"https:\/\/www.dynair.it\/content\/uploads\/2023\/11\/BOX-T-6-11-23.pdf\">https:\/\/www.dynair.it\/content\/uploads\/2023\/11\/BOX-T-6-11-23.pdf<\/a><\/p>\n<p>&nbsp;<\/p>\n","protected":false},"featured_media":3100,"template":"","meta":{"site-sidebar-layout":"default","site-content-layout":"","ast-site-content-layout":"default","site-content-style":"default","site-sidebar-style":"default","ast-global-header-display":"","ast-banner-title-visibility":"","ast-main-header-display":"","ast-hfb-above-header-display":"","ast-hfb-below-header-display":"","ast-hfb-mobile-header-display":"","site-post-title":"","ast-breadcrumbs-content":"","ast-featured-img":"","footer-sml-layout":"","theme-transparent-header-meta":"default","adv-header-id-meta":"","stick-header-meta":"","header-above-stick-meta":"","header-main-stick-meta":"","header-below-stick-meta":"","astra-migrate-meta-layouts":"set","ast-page-background-enabled":"default","ast-page-background-meta":{"desktop":{"background-color":"var(--ast-global-color-4)","background-image":"","background-repeat":"repeat","background-position":"center center","background-size":"auto","background-attachment":"scroll","background-type":"","background-media":"","overlay-type":"","overlay-color":"","overlay-opacity":"","overlay-gradient":""},"tablet":{"background-color":"","background-image":"","background-repeat":"repeat","background-position":"center center","background-size":"auto","background-attachment":"scroll","background-type":"","background-media":"","overlay-type":"","overlay-color":"","overlay-opacity":"","overlay-gradient":""},"mobile":{"background-color":"","background-image":"","background-repeat":"repeat","background-position":"center center","background-size":"auto","background-attachment":"scroll","background-type":"","background-media":"","overlay-type":"","overlay-color":"","overlay-opacity":"","overlay-gradient":""}},"ast-content-background-meta":{"desktop":{"background-color":"var(--ast-global-color-5)","background-image":"","background-repeat":"repeat","background-position":"center center","background-size":"auto","background-attachment":"scroll","background-type":"","background-media":"","overlay-type":"","overlay-color":"","overlay-opacity":"","overlay-gradient":""},"tablet":{"background-color":"var(--ast-global-color-5)","background-image":"","background-repeat":"repeat","background-position":"center center","background-size":"auto","background-attachment":"scroll","background-type":"","background-media":"","overlay-type":"","overlay-color":"","overlay-opacity":"","overlay-gradient":""},"mobile":{"background-color":"var(--ast-global-color-5)","background-image":"","background-repeat":"repeat","background-position":"center center","background-size":"auto","background-attachment":"scroll","background-type":"","background-media":"","overlay-type":"","overlay-color":"","overlay-opacity":"","overlay-gradient":""}}},"product_brand":[],"product_cat":[52],"product_tag":[],"class_list":{"0":"post-3099","1":"product","2":"type-product","3":"status-publish","4":"has-post-thumbnail","6":"product_cat-caissons-de-ventilation","7":"desktop-align-center","8":"tablet-align-left","9":"mobile-align-left","11":"first","12":"instock","13":"shipping-taxable","14":"product-type-simple"},"_links":{"self":[{"href":"https:\/\/guidappro-dz.com\/index.php?rest_route=\/wp\/v2\/product\/3099","targetHints":{"allow":["GET"]}}],"collection":[{"href":"https:\/\/guidappro-dz.com\/index.php?rest_route=\/wp\/v2\/product"}],"about":[{"href":"https:\/\/guidappro-dz.com\/index.php?rest_route=\/wp\/v2\/types\/product"}],"wp:featuredmedia":[{"embeddable":true,"href":"https:\/\/guidappro-dz.com\/index.php?rest_route=\/wp\/v2\/media\/3100"}],"wp:attachment":[{"href":"https:\/\/guidappro-dz.com\/index.php?rest_route=%2Fwp%2Fv2%2Fmedia&parent=3099"}],"wp:term":[{"taxonomy":"product_brand","embeddable":true,"href":"https:\/\/guidappro-dz.com\/index.php?rest_route=%2Fwp%2Fv2%2Fproduct_brand&post=3099"},{"taxonomy":"product_cat","embeddable":true,"href":"https:\/\/guidappro-dz.com\/index.php?rest_route=%2Fwp%2Fv2%2Fproduct_cat&post=3099"},{"taxonomy":"product_tag","embeddable":true,"href":"https:\/\/guidappro-dz.com\/index.php?rest_route=%2Fwp%2Fv2%2Fproduct_tag&post=3099"}],"curies":[{"name":"wp","href":"https:\/\/api.w.org\/{rel}","templated":true}]}}