{"id":3102,"date":"2025-05-22T12:43:57","date_gmt":"2025-05-22T12:43:57","guid":{"rendered":"https:\/\/guidappro-dz.com\/?post_type=product&#038;p=3102"},"modified":"2025-05-22T13:17:46","modified_gmt":"2025-05-22T13:17:46","slug":"tourelle-fc","status":"publish","type":"product","link":"https:\/\/guidappro-dz.com\/?product=tourelle-fc","title":{"rendered":"Tourelle FC"},"content":{"rendered":"","protected":false},"excerpt":{"rendered":"<p>un ventilateur de toit centrifuge \u00e0 une vitesse, con\u00e7u pour un soufflage horizontal efficace.<\/p>\n<p>Utilisation :<\/p>\n<p>Utilis\u00e9 pour la ventilation directe ou canalis\u00e9e des b\u00e2timents r\u00e9sidentiels, commerciaux et industriels.<\/p>\n<p>Dimensions :<\/p>\n<p>Tourelle d&rsquo;extraction FC 354 M<\/p>\n<p>Tourelle d&rsquo;extraction FC 404 T<\/p>\n<p>Tourelle d&rsquo;extraction FC 404 M<\/p>\n<p>Tourelle d&rsquo;extraction FC 756 T<\/p>\n<p>Tourelle d&rsquo;extraction FC 408 T<\/p>\n<p>Tourelle d&rsquo;extractionFC 314 T<\/p>\n<p>Fiche technique : <a href=\"https:\/\/www.goveco.com\/fr\/desproduits\/ventilateurs-de-toit\/396832\/fc-ventilateur-de-toit-centrifuge-%c3%a0-une-vitesse\">https:\/\/www.goveco.com\/fr\/desproduits\/ventilateurs-de-toit\/396832\/fc-ventilateur-de-toit-centrifuge-%c3%a0-une-vitesse<\/a><\/p>\n<p>&nbsp;<\/p>\n","protected":false},"featured_media":3109,"template":"","meta":{"site-sidebar-layout":"default","site-content-layout":"","ast-site-content-layout":"default","site-content-style":"default","site-sidebar-style":"default","ast-global-header-display":"","ast-banner-title-visibility":"","ast-main-header-display":"","ast-hfb-above-header-display":"","ast-hfb-below-header-display":"","ast-hfb-mobile-header-display":"","site-post-title":"","ast-breadcrumbs-content":"","ast-featured-img":"","footer-sml-layout":"","theme-transparent-header-meta":"default","adv-header-id-meta":"","stick-header-meta":"","header-above-stick-meta":"","header-main-stick-meta":"","header-below-stick-meta":"","astra-migrate-meta-layouts":"set","ast-page-background-enabled":"default","ast-page-background-meta":{"desktop":{"background-color":"var(--ast-global-color-4)","background-image":"","background-repeat":"repeat","background-position":"center center","background-size":"auto","background-attachment":"scroll","background-type":"","background-media":"","overlay-type":"","overlay-color":"","overlay-opacity":"","overlay-gradient":""},"tablet":{"background-color":"","background-image":"","background-repeat":"repeat","background-position":"center center","background-size":"auto","background-attachment":"scroll","background-type":"","background-media":"","overlay-type":"","overlay-color":"","overlay-opacity":"","overlay-gradient":""},"mobile":{"background-color":"","background-image":"","background-repeat":"repeat","background-position":"center center","background-size":"auto","background-attachment":"scroll","background-type":"","background-media":"","overlay-type":"","overlay-color":"","overlay-opacity":"","overlay-gradient":""}},"ast-content-background-meta":{"desktop":{"background-color":"var(--ast-global-color-5)","background-image":"","background-repeat":"repeat","background-position":"center center","background-size":"auto","background-attachment":"scroll","background-type":"","background-media":"","overlay-type":"","overlay-color":"","overlay-opacity":"","overlay-gradient":""},"tablet":{"background-color":"var(--ast-global-color-5)","background-image":"","background-repeat":"repeat","background-position":"center center","background-size":"auto","background-attachment":"scroll","background-type":"","background-media":"","overlay-type":"","overlay-color":"","overlay-opacity":"","overlay-gradient":""},"mobile":{"background-color":"var(--ast-global-color-5)","background-image":"","background-repeat":"repeat","background-position":"center center","background-size":"auto","background-attachment":"scroll","background-type":"","background-media":"","overlay-type":"","overlay-color":"","overlay-opacity":"","overlay-gradient":""}}},"product_brand":[],"product_cat":[53],"product_tag":[],"class_list":{"0":"post-3102","1":"product","2":"type-product","3":"status-publish","4":"has-post-thumbnail","6":"product_cat-tourelles-fc","7":"desktop-align-center","8":"tablet-align-left","9":"mobile-align-left","11":"first","12":"instock","13":"shipping-taxable","14":"product-type-simple"},"_links":{"self":[{"href":"https:\/\/guidappro-dz.com\/index.php?rest_route=\/wp\/v2\/product\/3102","targetHints":{"allow":["GET"]}}],"collection":[{"href":"https:\/\/guidappro-dz.com\/index.php?rest_route=\/wp\/v2\/product"}],"about":[{"href":"https:\/\/guidappro-dz.com\/index.php?rest_route=\/wp\/v2\/types\/product"}],"wp:featuredmedia":[{"embeddable":true,"href":"https:\/\/guidappro-dz.com\/index.php?rest_route=\/wp\/v2\/media\/3109"}],"wp:attachment":[{"href":"https:\/\/guidappro-dz.com\/index.php?rest_route=%2Fwp%2Fv2%2Fmedia&parent=3102"}],"wp:term":[{"taxonomy":"product_brand","embeddable":true,"href":"https:\/\/guidappro-dz.com\/index.php?rest_route=%2Fwp%2Fv2%2Fproduct_brand&post=3102"},{"taxonomy":"product_cat","embeddable":true,"href":"https:\/\/guidappro-dz.com\/index.php?rest_route=%2Fwp%2Fv2%2Fproduct_cat&post=3102"},{"taxonomy":"product_tag","embeddable":true,"href":"https:\/\/guidappro-dz.com\/index.php?rest_route=%2Fwp%2Fv2%2Fproduct_tag&post=3102"}],"curies":[{"name":"wp","href":"https:\/\/api.w.org\/{rel}","templated":true}]}}