{"id":3107,"date":"2025-05-22T13:07:09","date_gmt":"2025-05-22T13:07:09","guid":{"rendered":"https:\/\/guidappro-dz.com\/?post_type=product&#038;p=3107"},"modified":"2025-05-22T13:07:09","modified_gmt":"2025-05-22T13:07:09","slug":"tourelle-fc-ht","status":"publish","type":"product","link":"https:\/\/guidappro-dz.com\/?product=tourelle-fc-ht","title":{"rendered":"Tourelle FC.HT"},"content":{"rendered":"","protected":false},"excerpt":{"rendered":"<p>La tourelle FC HT est con\u00e7ue pour un fonctionnement fiable \u00e0 haute temp\u00e9rature, assurant une ventilation efficace m\u00eame dans des conditions thermiques s\u00e9v\u00e8res.<\/p>\n<p><strong>Utilisation :<\/strong><\/p>\n<p>Utilis\u00e9e pour des applications n\u00e9cessitant une r\u00e9sistance au feu et \u00e0 des temp\u00e9ratures \u00e9lev\u00e9es, notamment dans les syst\u00e8mes de s\u00e9curit\u00e9 incendie.<\/p>\n<p><strong>Dimensions :<\/strong><\/p>\n<p>Tourelle FC-HT 566 T<\/p>\n<p>Tourelle FC-HT 806 T<\/p>\n<p>Tourelle FC-HT 756 T<\/p>\n<p>Tourelle FC-HT 636 T<\/p>\n<p>Tourelle FC-HT 636 T<\/p>\n<p>Tourelle FC-HT 454 T<\/p>\n<p>Tourelle FC-HT 404 T<\/p>\n<p>Fiche technique :<\/p>\n<p><a href=\"https:\/\/www.dynair.it\/content\/uploads\/2018\/02\/FC-HT-7-12-23.pdf\">https:\/\/www.dynair.it\/content\/uploads\/2018\/02\/FC-HT-7-12-23.pdf<\/a><\/p>\n","protected":false},"featured_media":3108,"template":"","meta":{"site-sidebar-layout":"default","site-content-layout":"","ast-site-content-layout":"default","site-content-style":"default","site-sidebar-style":"default","ast-global-header-display":"","ast-banner-title-visibility":"","ast-main-header-display":"","ast-hfb-above-header-display":"","ast-hfb-below-header-display":"","ast-hfb-mobile-header-display":"","site-post-title":"","ast-breadcrumbs-content":"","ast-featured-img":"","footer-sml-layout":"","theme-transparent-header-meta":"default","adv-header-id-meta":"","stick-header-meta":"","header-above-stick-meta":"","header-main-stick-meta":"","header-below-stick-meta":"","astra-migrate-meta-layouts":"set","ast-page-background-enabled":"default","ast-page-background-meta":{"desktop":{"background-color":"var(--ast-global-color-4)","background-image":"","background-repeat":"repeat","background-position":"center center","background-size":"auto","background-attachment":"scroll","background-type":"","background-media":"","overlay-type":"","overlay-color":"","overlay-opacity":"","overlay-gradient":""},"tablet":{"background-color":"","background-image":"","background-repeat":"repeat","background-position":"center center","background-size":"auto","background-attachment":"scroll","background-type":"","background-media":"","overlay-type":"","overlay-color":"","overlay-opacity":"","overlay-gradient":""},"mobile":{"background-color":"","background-image":"","background-repeat":"repeat","background-position":"center center","background-size":"auto","background-attachment":"scroll","background-type":"","background-media":"","overlay-type":"","overlay-color":"","overlay-opacity":"","overlay-gradient":""}},"ast-content-background-meta":{"desktop":{"background-color":"var(--ast-global-color-5)","background-image":"","background-repeat":"repeat","background-position":"center center","background-size":"auto","background-attachment":"scroll","background-type":"","background-media":"","overlay-type":"","overlay-color":"","overlay-opacity":"","overlay-gradient":""},"tablet":{"background-color":"var(--ast-global-color-5)","background-image":"","background-repeat":"repeat","background-position":"center center","background-size":"auto","background-attachment":"scroll","background-type":"","background-media":"","overlay-type":"","overlay-color":"","overlay-opacity":"","overlay-gradient":""},"mobile":{"background-color":"var(--ast-global-color-5)","background-image":"","background-repeat":"repeat","background-position":"center center","background-size":"auto","background-attachment":"scroll","background-type":"","background-media":"","overlay-type":"","overlay-color":"","overlay-opacity":"","overlay-gradient":""}}},"product_brand":[],"product_cat":[53],"product_tag":[],"class_list":{"0":"post-3107","1":"product","2":"type-product","3":"status-publish","4":"has-post-thumbnail","6":"product_cat-tourelles-fc","7":"desktop-align-center","8":"tablet-align-left","9":"mobile-align-left","11":"first","12":"instock","13":"shipping-taxable","14":"product-type-simple"},"_links":{"self":[{"href":"https:\/\/guidappro-dz.com\/index.php?rest_route=\/wp\/v2\/product\/3107","targetHints":{"allow":["GET"]}}],"collection":[{"href":"https:\/\/guidappro-dz.com\/index.php?rest_route=\/wp\/v2\/product"}],"about":[{"href":"https:\/\/guidappro-dz.com\/index.php?rest_route=\/wp\/v2\/types\/product"}],"wp:featuredmedia":[{"embeddable":true,"href":"https:\/\/guidappro-dz.com\/index.php?rest_route=\/wp\/v2\/media\/3108"}],"wp:attachment":[{"href":"https:\/\/guidappro-dz.com\/index.php?rest_route=%2Fwp%2Fv2%2Fmedia&parent=3107"}],"wp:term":[{"taxonomy":"product_brand","embeddable":true,"href":"https:\/\/guidappro-dz.com\/index.php?rest_route=%2Fwp%2Fv2%2Fproduct_brand&post=3107"},{"taxonomy":"product_cat","embeddable":true,"href":"https:\/\/guidappro-dz.com\/index.php?rest_route=%2Fwp%2Fv2%2Fproduct_cat&post=3107"},{"taxonomy":"product_tag","embeddable":true,"href":"https:\/\/guidappro-dz.com\/index.php?rest_route=%2Fwp%2Fv2%2Fproduct_tag&post=3107"}],"curies":[{"name":"wp","href":"https:\/\/api.w.org\/{rel}","templated":true}]}}