{"id":3115,"date":"2025-05-27T10:38:58","date_gmt":"2025-05-27T10:38:58","guid":{"rendered":"https:\/\/guidappro-dz.com\/?post_type=product&#038;p=3115"},"modified":"2025-05-27T10:38:58","modified_gmt":"2025-05-27T10:38:58","slug":"box-t-ht","status":"publish","type":"product","link":"https:\/\/guidappro-dz.com\/?product=box-t-ht","title":{"rendered":"BOX-T HT"},"content":{"rendered":"","protected":false},"excerpt":{"rendered":"<p>Le ventilateur BOX-T HT est con\u00e7u pour pour l\u2019extraction de fum\u00e9es d\u2019incendie, \u00e0 installer hors de la zone \u00e0 risque. Ils fonctionnent de -20\u00b0C \u00e0 +115\u00b0C en continu (S1) et sont certifi\u00e9s CE F400 selon la norme EN12101-3:2015 par Applus.<\/p>\n<p><strong>Utilisation :<\/strong><\/p>\n<p>Utilis\u00e9 dans les b\u00e2timents pour \u00e9vacuer les fum\u00e9es hors des zones \u00e0 risque en cas d\u2019incendie.<\/p>\n<p><strong>Dimensions :<\/strong><\/p>\n<p>BOX-T HT 7\/7\u00a0 \u00a0 \u00a0 \u00a0 \u00a0<span style=\"font-size: 16px; font-style: normal; font-weight: 400;\">BOX-T HT 9\/7\u00a0<\/span><\/p>\n<p>BOX-T HT 9\/9\u00a0 \u00a0 \u00a0 \u00a0 \u00a0<span style=\"font-size: 16px; font-style: normal; font-weight: 400;\">\u00a0<\/span><span style=\"font-size: 16px; font-style: normal; font-weight: 400;\">BOX-T HT 10\/8<\/span><\/p>\n<p>BOX-T HT 10\/10\u00a0 \u00a0 \u00a0 \u00a0<span style=\"font-size: 16px; font-style: normal; font-weight: 400;\">BOX-T HT 12\/9<\/span><\/p>\n<p>BOX-T HT 12\/12\u00a0 \u00a0 \u00a0 \u00a0 <span style=\"font-size: 16px; font-style: normal; font-weight: 400;\">BOX-T HT 15\/15<\/span><\/p>\n<p>BOX-T HT 18\/18\u00a0 \u00a0 \u00a0 \u00a0 <span style=\"font-size: 16px; font-style: normal; font-weight: 400;\">BOX-T HT 500<\/span><\/p>\n<p>BOX-T HT 560\u00a0 \u00a0 \u00a0 \u00a0 \u00a0 \u00a0 <span style=\"font-size: 16px; font-style: normal; font-weight: 400;\">BOX-T HT 630<\/span><\/p>\n<p>Fiche technique :<\/p>\n<p><a href=\"https:\/\/www.dynair.it\/content\/uploads\/2023\/11\/BOX-T-HT-27-10-23.pdf\">https:\/\/www.dynair.it\/content\/uploads\/2023\/11\/BOX-T-HT-27-10-23.pdf<\/a><\/p>\n<p>&nbsp;<\/p>\n<p>&nbsp;<\/p>\n","protected":false},"featured_media":3153,"template":"","meta":{"site-sidebar-layout":"default","site-content-layout":"","ast-site-content-layout":"default","site-content-style":"default","site-sidebar-style":"default","ast-global-header-display":"","ast-banner-title-visibility":"","ast-main-header-display":"","ast-hfb-above-header-display":"","ast-hfb-below-header-display":"","ast-hfb-mobile-header-display":"","site-post-title":"","ast-breadcrumbs-content":"","ast-featured-img":"","footer-sml-layout":"","theme-transparent-header-meta":"default","adv-header-id-meta":"","stick-header-meta":"","header-above-stick-meta":"","header-main-stick-meta":"","header-below-stick-meta":"","astra-migrate-meta-layouts":"set","ast-page-background-enabled":"default","ast-page-background-meta":{"desktop":{"background-color":"var(--ast-global-color-4)","background-image":"","background-repeat":"repeat","background-position":"center center","background-size":"auto","background-attachment":"scroll","background-type":"","background-media":"","overlay-type":"","overlay-color":"","overlay-opacity":"","overlay-gradient":""},"tablet":{"background-color":"","background-image":"","background-repeat":"repeat","background-position":"center center","background-size":"auto","background-attachment":"scroll","background-type":"","background-media":"","overlay-type":"","overlay-color":"","overlay-opacity":"","overlay-gradient":""},"mobile":{"background-color":"","background-image":"","background-repeat":"repeat","background-position":"center center","background-size":"auto","background-attachment":"scroll","background-type":"","background-media":"","overlay-type":"","overlay-color":"","overlay-opacity":"","overlay-gradient":""}},"ast-content-background-meta":{"desktop":{"background-color":"var(--ast-global-color-5)","background-image":"","background-repeat":"repeat","background-position":"center center","background-size":"auto","background-attachment":"scroll","background-type":"","background-media":"","overlay-type":"","overlay-color":"","overlay-opacity":"","overlay-gradient":""},"tablet":{"background-color":"var(--ast-global-color-5)","background-image":"","background-repeat":"repeat","background-position":"center center","background-size":"auto","background-attachment":"scroll","background-type":"","background-media":"","overlay-type":"","overlay-color":"","overlay-opacity":"","overlay-gradient":""},"mobile":{"background-color":"var(--ast-global-color-5)","background-image":"","background-repeat":"repeat","background-position":"center center","background-size":"auto","background-attachment":"scroll","background-type":"","background-media":"","overlay-type":"","overlay-color":"","overlay-opacity":"","overlay-gradient":""}}},"product_brand":[],"product_cat":[56],"product_tag":[],"class_list":{"0":"post-3115","1":"product","2":"type-product","3":"status-publish","4":"has-post-thumbnail","6":"product_cat-caissons-de-desenfumage","7":"desktop-align-center","8":"tablet-align-left","9":"mobile-align-left","11":"first","12":"instock","13":"shipping-taxable","14":"product-type-simple"},"_links":{"self":[{"href":"https:\/\/guidappro-dz.com\/index.php?rest_route=\/wp\/v2\/product\/3115","targetHints":{"allow":["GET"]}}],"collection":[{"href":"https:\/\/guidappro-dz.com\/index.php?rest_route=\/wp\/v2\/product"}],"about":[{"href":"https:\/\/guidappro-dz.com\/index.php?rest_route=\/wp\/v2\/types\/product"}],"wp:featuredmedia":[{"embeddable":true,"href":"https:\/\/guidappro-dz.com\/index.php?rest_route=\/wp\/v2\/media\/3153"}],"wp:attachment":[{"href":"https:\/\/guidappro-dz.com\/index.php?rest_route=%2Fwp%2Fv2%2Fmedia&parent=3115"}],"wp:term":[{"taxonomy":"product_brand","embeddable":true,"href":"https:\/\/guidappro-dz.com\/index.php?rest_route=%2Fwp%2Fv2%2Fproduct_brand&post=3115"},{"taxonomy":"product_cat","embeddable":true,"href":"https:\/\/guidappro-dz.com\/index.php?rest_route=%2Fwp%2Fv2%2Fproduct_cat&post=3115"},{"taxonomy":"product_tag","embeddable":true,"href":"https:\/\/guidappro-dz.com\/index.php?rest_route=%2Fwp%2Fv2%2Fproduct_tag&post=3115"}],"curies":[{"name":"wp","href":"https:\/\/api.w.org\/{rel}","templated":true}]}}