{"id":3141,"date":"2025-05-25T14:43:32","date_gmt":"2025-05-25T14:43:32","guid":{"rendered":"https:\/\/guidappro-dz.com\/?post_type=product&#038;p=3141"},"modified":"2025-05-25T14:43:32","modified_gmt":"2025-05-25T14:43:32","slug":"kamouflage-2v60","status":"publish","type":"product","link":"https:\/\/guidappro-dz.com\/?product=kamouflage-2v60","title":{"rendered":"Kamouflage 2V60"},"content":{"rendered":"","protected":false},"excerpt":{"rendered":"<p>Un dispositif r\u00e9sistant au feu (60 ou 120 minutes), dot\u00e9 d\u2019une finition soign\u00e9e, d\u2019une excellente \u00e9tanch\u00e9it\u00e9 \u00e0 l\u2019air et d\u2019une isolation thermique et acoustique.<\/p>\n<p><strong>Utilisation :<\/strong><\/p>\n<p>Il permet l\u2019\u00e9vacuation des fum\u00e9es en cas d\u2019incendie tout en s\u2019adaptant discr\u00e8tement \u00e0 la d\u00e9coration des murs.<\/p>\n<p><strong>Dimensions :<\/strong><\/p>\n<p>KAMOUFLAGE 2V60-450X715<\/p>\n<p>KAMOUFLAGE 2V60-400X595<\/p>\n<p>KAMOUFLAGE 2V60-400X685<\/p>\n<p>KAMOUFLAGE 2V60-500X1015<\/p>\n<p>KAMOUFLAGE 2V60-600X415<\/p>\n<p>KAMOUFLAGE 2V60 350X415<\/p>\n<p>KAMOUFLAGE 2V60-400X505<\/p>\n<p>KAMOUFLAGE 2V60 450X595<\/p>\n<p>Fiche technique :<\/p>\n<p><a href=\"https:\/\/www.goveco.com\/fr\/desproduits\/volets-de-d%C3%A9senfumage\/369502\/kamouflage-2v60-volet-de-d%c3%a9senfumage-esth%c3%a9tique\">https:\/\/www.goveco.com\/fr\/desproduits\/volets-de-d%C3%A9senfumage\/369502\/kamouflage-2v60-volet-de-d%c3%a9senfumage-esth%c3%a9tique<\/a><\/p>\n<p>&nbsp;<\/p>\n","protected":false},"featured_media":3142,"template":"","meta":{"site-sidebar-layout":"default","site-content-layout":"","ast-site-content-layout":"default","site-content-style":"default","site-sidebar-style":"default","ast-global-header-display":"","ast-banner-title-visibility":"","ast-main-header-display":"","ast-hfb-above-header-display":"","ast-hfb-below-header-display":"","ast-hfb-mobile-header-display":"","site-post-title":"","ast-breadcrumbs-content":"","ast-featured-img":"","footer-sml-layout":"","theme-transparent-header-meta":"default","adv-header-id-meta":"","stick-header-meta":"","header-above-stick-meta":"","header-main-stick-meta":"","header-below-stick-meta":"","astra-migrate-meta-layouts":"set","ast-page-background-enabled":"default","ast-page-background-meta":{"desktop":{"background-color":"var(--ast-global-color-4)","background-image":"","background-repeat":"repeat","background-position":"center center","background-size":"auto","background-attachment":"scroll","background-type":"","background-media":"","overlay-type":"","overlay-color":"","overlay-opacity":"","overlay-gradient":""},"tablet":{"background-color":"","background-image":"","background-repeat":"repeat","background-position":"center center","background-size":"auto","background-attachment":"scroll","background-type":"","background-media":"","overlay-type":"","overlay-color":"","overlay-opacity":"","overlay-gradient":""},"mobile":{"background-color":"","background-image":"","background-repeat":"repeat","background-position":"center center","background-size":"auto","background-attachment":"scroll","background-type":"","background-media":"","overlay-type":"","overlay-color":"","overlay-opacity":"","overlay-gradient":""}},"ast-content-background-meta":{"desktop":{"background-color":"var(--ast-global-color-5)","background-image":"","background-repeat":"repeat","background-position":"center center","background-size":"auto","background-attachment":"scroll","background-type":"","background-media":"","overlay-type":"","overlay-color":"","overlay-opacity":"","overlay-gradient":""},"tablet":{"background-color":"var(--ast-global-color-5)","background-image":"","background-repeat":"repeat","background-position":"center center","background-size":"auto","background-attachment":"scroll","background-type":"","background-media":"","overlay-type":"","overlay-color":"","overlay-opacity":"","overlay-gradient":""},"mobile":{"background-color":"var(--ast-global-color-5)","background-image":"","background-repeat":"repeat","background-position":"center center","background-size":"auto","background-attachment":"scroll","background-type":"","background-media":"","overlay-type":"","overlay-color":"","overlay-opacity":"","overlay-gradient":""}}},"product_brand":[],"product_cat":[37],"product_tag":[],"class_list":{"0":"post-3141","1":"product","2":"type-product","3":"status-publish","4":"has-post-thumbnail","6":"product_cat-volet-de-desenfumage","7":"desktop-align-center","8":"tablet-align-left","9":"mobile-align-left","11":"first","12":"instock","13":"shipping-taxable","14":"product-type-simple"},"_links":{"self":[{"href":"https:\/\/guidappro-dz.com\/index.php?rest_route=\/wp\/v2\/product\/3141","targetHints":{"allow":["GET"]}}],"collection":[{"href":"https:\/\/guidappro-dz.com\/index.php?rest_route=\/wp\/v2\/product"}],"about":[{"href":"https:\/\/guidappro-dz.com\/index.php?rest_route=\/wp\/v2\/types\/product"}],"wp:featuredmedia":[{"embeddable":true,"href":"https:\/\/guidappro-dz.com\/index.php?rest_route=\/wp\/v2\/media\/3142"}],"wp:attachment":[{"href":"https:\/\/guidappro-dz.com\/index.php?rest_route=%2Fwp%2Fv2%2Fmedia&parent=3141"}],"wp:term":[{"taxonomy":"product_brand","embeddable":true,"href":"https:\/\/guidappro-dz.com\/index.php?rest_route=%2Fwp%2Fv2%2Fproduct_brand&post=3141"},{"taxonomy":"product_cat","embeddable":true,"href":"https:\/\/guidappro-dz.com\/index.php?rest_route=%2Fwp%2Fv2%2Fproduct_cat&post=3141"},{"taxonomy":"product_tag","embeddable":true,"href":"https:\/\/guidappro-dz.com\/index.php?rest_route=%2Fwp%2Fv2%2Fproduct_tag&post=3141"}],"curies":[{"name":"wp","href":"https:\/\/api.w.org\/{rel}","templated":true}]}}