{"id":3144,"date":"2025-05-26T08:11:54","date_gmt":"2025-05-26T08:11:54","guid":{"rendered":"https:\/\/guidappro-dz.com\/?post_type=product&#038;p=3144"},"modified":"2025-05-26T08:11:54","modified_gmt":"2025-05-26T08:11:54","slug":"avantage-1v60","status":"publish","type":"product","link":"https:\/\/guidappro-dz.com\/?product=avantage-1v60","title":{"rendered":"Avantage 1V60"},"content":{"rendered":"<p>&nbsp;<\/p>\n<p>&nbsp;<\/p>\n","protected":false},"excerpt":{"rendered":"<p>Un dispositif coupe-feu con\u00e7u pour maintenir l\u2019int\u00e9grit\u00e9 de la r\u00e9sistance au feu en position d\u2019attente.<\/p>\n<p><strong>Utilisation :<\/strong><\/p>\n<p>Utilis\u00e9 pour ventiler les halls prot\u00e9g\u00e9s et \u00e9vacuer la fum\u00e9e en cas d\u2019urgence, en s\u2019ouvrant vers des puits de d\u00e9senfumage naturels ou m\u00e9caniques.<\/p>\n<p><strong>Dimensions :<\/strong><\/p>\n<p>AVANTAGE 1V60-300X385\u00a0 \u00a0 \u00a0 \u00a0 \u00a0 <span style=\"font-size: 16px; font-style: normal; font-weight: 400;\">\u00a0AVANTAGE 1V60-300X445<\/span><\/p>\n<p>AVANTAGE 1V60-300&#215;505<span style=\"font-size: 16px; font-style: normal; font-weight: 400;\">\u00a0 \u00a0 \u00a0 \u00a0 \u00a0 \u00a0 AVANTAGE 1V60-300&#215;835<\/span><\/p>\n<p>AVANTAGE 1V60 350X475<span style=\"font-size: 16px; font-style: normal; font-weight: 400;\">\u00a0 \u00a0 \u00a0 \u00a0 \u00a0 \u00a0 \u00a0AVANTAGE 1V60 -400X565<\/span><\/p>\n<p>AVANTAGE 1V60 400X745<span style=\"font-size: 16px; font-style: normal; font-weight: 400;\">\u00a0 \u00a0 \u00a0 \u00a0 \u00a0 \u00a0 AVANTAGE 1V60 -400X595<\/span><\/p>\n<p>Fiche technique :<\/p>\n<p><a href=\"https:\/\/www.goveco.com\/fr\/desproduits\/volets-de-d%C3%A9senfumage\/369503\/avantage-1v60-volet-de-d%c3%a9senfumage\">https:\/\/www.goveco.com\/fr\/desproduits\/volets-de-d%C3%A9senfumage\/369503\/avantage-1v60-volet-de-d%c3%a9senfumage<\/a><\/p>\n","protected":false},"featured_media":3145,"template":"","meta":{"site-sidebar-layout":"default","site-content-layout":"","ast-site-content-layout":"default","site-content-style":"default","site-sidebar-style":"default","ast-global-header-display":"","ast-banner-title-visibility":"","ast-main-header-display":"","ast-hfb-above-header-display":"","ast-hfb-below-header-display":"","ast-hfb-mobile-header-display":"","site-post-title":"","ast-breadcrumbs-content":"","ast-featured-img":"","footer-sml-layout":"","theme-transparent-header-meta":"default","adv-header-id-meta":"","stick-header-meta":"","header-above-stick-meta":"","header-main-stick-meta":"","header-below-stick-meta":"","astra-migrate-meta-layouts":"set","ast-page-background-enabled":"default","ast-page-background-meta":{"desktop":{"background-color":"var(--ast-global-color-4)","background-image":"","background-repeat":"repeat","background-position":"center center","background-size":"auto","background-attachment":"scroll","background-type":"","background-media":"","overlay-type":"","overlay-color":"","overlay-opacity":"","overlay-gradient":""},"tablet":{"background-color":"","background-image":"","background-repeat":"repeat","background-position":"center center","background-size":"auto","background-attachment":"scroll","background-type":"","background-media":"","overlay-type":"","overlay-color":"","overlay-opacity":"","overlay-gradient":""},"mobile":{"background-color":"","background-image":"","background-repeat":"repeat","background-position":"center center","background-size":"auto","background-attachment":"scroll","background-type":"","background-media":"","overlay-type":"","overlay-color":"","overlay-opacity":"","overlay-gradient":""}},"ast-content-background-meta":{"desktop":{"background-color":"var(--ast-global-color-5)","background-image":"","background-repeat":"repeat","background-position":"center center","background-size":"auto","background-attachment":"scroll","background-type":"","background-media":"","overlay-type":"","overlay-color":"","overlay-opacity":"","overlay-gradient":""},"tablet":{"background-color":"var(--ast-global-color-5)","background-image":"","background-repeat":"repeat","background-position":"center center","background-size":"auto","background-attachment":"scroll","background-type":"","background-media":"","overlay-type":"","overlay-color":"","overlay-opacity":"","overlay-gradient":""},"mobile":{"background-color":"var(--ast-global-color-5)","background-image":"","background-repeat":"repeat","background-position":"center center","background-size":"auto","background-attachment":"scroll","background-type":"","background-media":"","overlay-type":"","overlay-color":"","overlay-opacity":"","overlay-gradient":""}}},"product_brand":[],"product_cat":[37],"product_tag":[],"class_list":{"0":"post-3144","1":"product","2":"type-product","3":"status-publish","4":"has-post-thumbnail","6":"product_cat-volet-de-desenfumage","7":"desktop-align-center","8":"tablet-align-left","9":"mobile-align-left","11":"first","12":"instock","13":"shipping-taxable","14":"product-type-simple"},"_links":{"self":[{"href":"https:\/\/guidappro-dz.com\/index.php?rest_route=\/wp\/v2\/product\/3144","targetHints":{"allow":["GET"]}}],"collection":[{"href":"https:\/\/guidappro-dz.com\/index.php?rest_route=\/wp\/v2\/product"}],"about":[{"href":"https:\/\/guidappro-dz.com\/index.php?rest_route=\/wp\/v2\/types\/product"}],"wp:featuredmedia":[{"embeddable":true,"href":"https:\/\/guidappro-dz.com\/index.php?rest_route=\/wp\/v2\/media\/3145"}],"wp:attachment":[{"href":"https:\/\/guidappro-dz.com\/index.php?rest_route=%2Fwp%2Fv2%2Fmedia&parent=3144"}],"wp:term":[{"taxonomy":"product_brand","embeddable":true,"href":"https:\/\/guidappro-dz.com\/index.php?rest_route=%2Fwp%2Fv2%2Fproduct_brand&post=3144"},{"taxonomy":"product_cat","embeddable":true,"href":"https:\/\/guidappro-dz.com\/index.php?rest_route=%2Fwp%2Fv2%2Fproduct_cat&post=3144"},{"taxonomy":"product_tag","embeddable":true,"href":"https:\/\/guidappro-dz.com\/index.php?rest_route=%2Fwp%2Fv2%2Fproduct_tag&post=3144"}],"curies":[{"name":"wp","href":"https:\/\/api.w.org\/{rel}","templated":true}]}}