{"id":3156,"date":"2025-05-28T08:32:52","date_gmt":"2025-05-28T08:32:52","guid":{"rendered":"https:\/\/guidappro-dz.com\/?post_type=product&#038;p=3156"},"modified":"2025-05-28T08:32:52","modified_gmt":"2025-05-28T08:32:52","slug":"btt-30-euro","status":"publish","type":"product","link":"https:\/\/guidappro-dz.com\/?product=btt-30-euro","title":{"rendered":"BTT-30 EURO"},"content":{"rendered":"","protected":false},"excerpt":{"rendered":"<p>Volet coupe-feu certifi\u00e9 CE, con\u00e7u pour \u00eatre install\u00e9 sur un conduit de ventilation.<br data-start=\"119\" data-end=\"122\" \/>Il coupe rapidement le passage de l\u2019air en cas d\u2019incendie.<br data-start=\"180\" data-end=\"183\" \/>Il peut fonctionner avec un servomoteur, un \u00e9lectroaimant ou un fusible thermique \u00e0 r\u00e9armement manuel.<\/p>\n<p><strong>Utilisation:<\/strong><\/p>\n<p>Assure une protection thermique gr\u00e2ce \u00e0 sa structure r\u00e9sistante et \u00e0 son syst\u00e8me de d\u00e9clenchement automatique \u00e0 72\u202f\u00b0C, qui permet de couper ou de r\u00e9guler le flux d\u2019air en cas de surchauffe ou d\u2019incendie.<\/p>\n<p><strong>D\u00e9tails :<\/strong><br data-start=\"9\" data-end=\"12\" \/>Conditions d&rsquo;utilisation<br data-start=\"38\" data-end=\"41\" \/>air propre, vitesse maximale de l\u2019air 10 m\/s.<\/p>\n<p><strong>Dimensions :\u00a0<\/strong><\/p>\n<p>BTT-30 EURO DN 200\u00a0 \u00a0 \u00a0 \u00a0 \u00a0 \u00a0 \u00a0 \u00a0 BTT-30 EURO DN 250<\/p>\n<p>BTT-30EURO DN 300\u00a0 \u00a0 \u00a0 \u00a0 \u00a0 \u00a0 \u00a0 \u00a0 \u00a0BTT-30 EURO DN 315<\/p>\n<p>BTT-30 EURO DN 355\u00a0 \u00a0 \u00a0 \u00a0 \u00a0 \u00a0 \u00a0 \u00a0 \u00a0BTT-30 EURO DN 400<\/p>\n<p>BTT-30 EURO DN 450\u00a0 \u00a0 \u00a0 \u00a0 \u00a0 \u00a0 \u00a0 \u00a0 BTT-30 EURO DN 500<\/p>\n<p>BTT-30 EURO DN 560\u00a0 \u00a0 \u00a0 \u00a0 \u00a0 \u00a0 \u00a0 \u00a0 BTT-30 EURO DN 600<\/p>\n<p>BTT-30 EURO DN 630\u00a0 \u00a0 \u00a0 \u00a0 \u00a0 \u00a0 \u00a0 \u00a0 BTT-30 EURO DN 710<\/p>\n<p>BTT-30 EURO DN 800<\/p>\n<p>Fiche technique : <a href=\"https:\/\/www.brofer.it\/en\/contenuti\/documento\/1976\">https:\/\/www.brofer.it\/en\/contenuti\/documento\/1976<\/a><\/p>\n","protected":false},"featured_media":3157,"template":"","meta":{"site-sidebar-layout":"default","site-content-layout":"","ast-site-content-layout":"default","site-content-style":"default","site-sidebar-style":"default","ast-global-header-display":"","ast-banner-title-visibility":"","ast-main-header-display":"","ast-hfb-above-header-display":"","ast-hfb-below-header-display":"","ast-hfb-mobile-header-display":"","site-post-title":"","ast-breadcrumbs-content":"","ast-featured-img":"","footer-sml-layout":"","theme-transparent-header-meta":"default","adv-header-id-meta":"","stick-header-meta":"","header-above-stick-meta":"","header-main-stick-meta":"","header-below-stick-meta":"","astra-migrate-meta-layouts":"set","ast-page-background-enabled":"default","ast-page-background-meta":{"desktop":{"background-color":"var(--ast-global-color-4)","background-image":"","background-repeat":"repeat","background-position":"center center","background-size":"auto","background-attachment":"scroll","background-type":"","background-media":"","overlay-type":"","overlay-color":"","overlay-opacity":"","overlay-gradient":""},"tablet":{"background-color":"","background-image":"","background-repeat":"repeat","background-position":"center center","background-size":"auto","background-attachment":"scroll","background-type":"","background-media":"","overlay-type":"","overlay-color":"","overlay-opacity":"","overlay-gradient":""},"mobile":{"background-color":"","background-image":"","background-repeat":"repeat","background-position":"center center","background-size":"auto","background-attachment":"scroll","background-type":"","background-media":"","overlay-type":"","overlay-color":"","overlay-opacity":"","overlay-gradient":""}},"ast-content-background-meta":{"desktop":{"background-color":"var(--ast-global-color-5)","background-image":"","background-repeat":"repeat","background-position":"center center","background-size":"auto","background-attachment":"scroll","background-type":"","background-media":"","overlay-type":"","overlay-color":"","overlay-opacity":"","overlay-gradient":""},"tablet":{"background-color":"var(--ast-global-color-5)","background-image":"","background-repeat":"repeat","background-position":"center center","background-size":"auto","background-attachment":"scroll","background-type":"","background-media":"","overlay-type":"","overlay-color":"","overlay-opacity":"","overlay-gradient":""},"mobile":{"background-color":"var(--ast-global-color-5)","background-image":"","background-repeat":"repeat","background-position":"center center","background-size":"auto","background-attachment":"scroll","background-type":"","background-media":"","overlay-type":"","overlay-color":"","overlay-opacity":"","overlay-gradient":""}}},"product_brand":[],"product_cat":[38],"product_tag":[],"class_list":{"0":"post-3156","1":"product","2":"type-product","3":"status-publish","4":"has-post-thumbnail","6":"product_cat-clapet-coup-feu","7":"desktop-align-center","8":"tablet-align-left","9":"mobile-align-left","11":"first","12":"instock","13":"shipping-taxable","14":"product-type-simple"},"_links":{"self":[{"href":"https:\/\/guidappro-dz.com\/index.php?rest_route=\/wp\/v2\/product\/3156","targetHints":{"allow":["GET"]}}],"collection":[{"href":"https:\/\/guidappro-dz.com\/index.php?rest_route=\/wp\/v2\/product"}],"about":[{"href":"https:\/\/guidappro-dz.com\/index.php?rest_route=\/wp\/v2\/types\/product"}],"wp:featuredmedia":[{"embeddable":true,"href":"https:\/\/guidappro-dz.com\/index.php?rest_route=\/wp\/v2\/media\/3157"}],"wp:attachment":[{"href":"https:\/\/guidappro-dz.com\/index.php?rest_route=%2Fwp%2Fv2%2Fmedia&parent=3156"}],"wp:term":[{"taxonomy":"product_brand","embeddable":true,"href":"https:\/\/guidappro-dz.com\/index.php?rest_route=%2Fwp%2Fv2%2Fproduct_brand&post=3156"},{"taxonomy":"product_cat","embeddable":true,"href":"https:\/\/guidappro-dz.com\/index.php?rest_route=%2Fwp%2Fv2%2Fproduct_cat&post=3156"},{"taxonomy":"product_tag","embeddable":true,"href":"https:\/\/guidappro-dz.com\/index.php?rest_route=%2Fwp%2Fv2%2Fproduct_tag&post=3156"}],"curies":[{"name":"wp","href":"https:\/\/api.w.org\/{rel}","templated":true}]}}