{"id":3158,"date":"2025-05-28T08:51:36","date_gmt":"2025-05-28T08:51:36","guid":{"rendered":"https:\/\/guidappro-dz.com\/?post_type=product&#038;p=3158"},"modified":"2025-05-28T08:51:37","modified_gmt":"2025-05-28T08:51:37","slug":"mdf-30-euro","status":"publish","type":"product","link":"https:\/\/guidappro-dz.com\/?product=mdf-30-euro","title":{"rendered":"MDF-30 EURO"},"content":{"rendered":"","protected":false},"excerpt":{"rendered":"<p>Volet coupe-feu certifi\u00e9 CE, con\u00e7u pour \u00eatre mont\u00e9 sur les conduits de ventilation.<br data-start=\"114\" data-end=\"117\" \/>Il bloque rapidement le flux d\u2019air en cas d\u2019incendie. Peut \u00eatre \u00e9quip\u00e9 d\u2019un servomoteur, d\u2019un \u00e9lectroaimant ou d\u2019un fusible thermique manuel.<\/p>\n<p><strong>Utilisation\u00a0:<\/strong><\/p>\n<p>Utilis\u00e9 dans les syst\u00e8mes de ventilation pour arr\u00eater rapidement le flux d\u2019air en cas d\u2019incendie, limitant ainsi la propagation des fum\u00e9es et des flammes \u00e0 travers les conduits.<\/p>\n<p><strong>D\u00e9tails:<\/strong><\/p>\n<p>Conditions d&rsquo;utilisation : air propre, vitesse maximale de l\u2019air : 10 m\/s.<\/p>\n<p><strong>Dimensions :<\/strong><\/p>\n<p>Indiqu\u00e9es su la fiche technique: <a href=\"https:\/\/www.brofer.it\/en\/contenuti\/documento\/3199\">https:\/\/www.brofer.it\/en\/contenuti\/documento\/3199<\/a><\/p>\n<p>&nbsp;<\/p>\n","protected":false},"featured_media":3159,"template":"","meta":{"site-sidebar-layout":"default","site-content-layout":"","ast-site-content-layout":"default","site-content-style":"default","site-sidebar-style":"default","ast-global-header-display":"","ast-banner-title-visibility":"","ast-main-header-display":"","ast-hfb-above-header-display":"","ast-hfb-below-header-display":"","ast-hfb-mobile-header-display":"","site-post-title":"","ast-breadcrumbs-content":"","ast-featured-img":"","footer-sml-layout":"","theme-transparent-header-meta":"default","adv-header-id-meta":"","stick-header-meta":"","header-above-stick-meta":"","header-main-stick-meta":"","header-below-stick-meta":"","astra-migrate-meta-layouts":"set","ast-page-background-enabled":"default","ast-page-background-meta":{"desktop":{"background-color":"var(--ast-global-color-4)","background-image":"","background-repeat":"repeat","background-position":"center center","background-size":"auto","background-attachment":"scroll","background-type":"","background-media":"","overlay-type":"","overlay-color":"","overlay-opacity":"","overlay-gradient":""},"tablet":{"background-color":"","background-image":"","background-repeat":"repeat","background-position":"center center","background-size":"auto","background-attachment":"scroll","background-type":"","background-media":"","overlay-type":"","overlay-color":"","overlay-opacity":"","overlay-gradient":""},"mobile":{"background-color":"","background-image":"","background-repeat":"repeat","background-position":"center center","background-size":"auto","background-attachment":"scroll","background-type":"","background-media":"","overlay-type":"","overlay-color":"","overlay-opacity":"","overlay-gradient":""}},"ast-content-background-meta":{"desktop":{"background-color":"var(--ast-global-color-5)","background-image":"","background-repeat":"repeat","background-position":"center center","background-size":"auto","background-attachment":"scroll","background-type":"","background-media":"","overlay-type":"","overlay-color":"","overlay-opacity":"","overlay-gradient":""},"tablet":{"background-color":"var(--ast-global-color-5)","background-image":"","background-repeat":"repeat","background-position":"center center","background-size":"auto","background-attachment":"scroll","background-type":"","background-media":"","overlay-type":"","overlay-color":"","overlay-opacity":"","overlay-gradient":""},"mobile":{"background-color":"var(--ast-global-color-5)","background-image":"","background-repeat":"repeat","background-position":"center center","background-size":"auto","background-attachment":"scroll","background-type":"","background-media":"","overlay-type":"","overlay-color":"","overlay-opacity":"","overlay-gradient":""}}},"product_brand":[],"product_cat":[38],"product_tag":[],"class_list":{"0":"post-3158","1":"product","2":"type-product","3":"status-publish","4":"has-post-thumbnail","6":"product_cat-clapet-coup-feu","7":"desktop-align-center","8":"tablet-align-left","9":"mobile-align-left","11":"first","12":"instock","13":"shipping-taxable","14":"product-type-simple"},"_links":{"self":[{"href":"https:\/\/guidappro-dz.com\/index.php?rest_route=\/wp\/v2\/product\/3158","targetHints":{"allow":["GET"]}}],"collection":[{"href":"https:\/\/guidappro-dz.com\/index.php?rest_route=\/wp\/v2\/product"}],"about":[{"href":"https:\/\/guidappro-dz.com\/index.php?rest_route=\/wp\/v2\/types\/product"}],"wp:featuredmedia":[{"embeddable":true,"href":"https:\/\/guidappro-dz.com\/index.php?rest_route=\/wp\/v2\/media\/3159"}],"wp:attachment":[{"href":"https:\/\/guidappro-dz.com\/index.php?rest_route=%2Fwp%2Fv2%2Fmedia&parent=3158"}],"wp:term":[{"taxonomy":"product_brand","embeddable":true,"href":"https:\/\/guidappro-dz.com\/index.php?rest_route=%2Fwp%2Fv2%2Fproduct_brand&post=3158"},{"taxonomy":"product_cat","embeddable":true,"href":"https:\/\/guidappro-dz.com\/index.php?rest_route=%2Fwp%2Fv2%2Fproduct_cat&post=3158"},{"taxonomy":"product_tag","embeddable":true,"href":"https:\/\/guidappro-dz.com\/index.php?rest_route=%2Fwp%2Fv2%2Fproduct_tag&post=3158"}],"curies":[{"name":"wp","href":"https:\/\/api.w.org\/{rel}","templated":true}]}}