{"id":3177,"date":"2025-06-01T08:34:54","date_gmt":"2025-06-01T08:34:54","guid":{"rendered":"https:\/\/guidappro-dz.com\/?post_type=product&#038;p=3177"},"modified":"2025-06-01T08:34:54","modified_gmt":"2025-06-01T08:34:54","slug":"rdcd25ske","status":"publish","type":"product","link":"https:\/\/guidappro-dz.com\/?product=rdcd25ske","title":{"rendered":"RDCD25SKE"},"content":{"rendered":"","protected":false},"excerpt":{"rendered":"<p>Unit\u00e9 de r\u00e9cup\u00e9ration de chaleur domestique efficace, avec bypass automatique, connexion am\u00e9lior\u00e9e et contr\u00f4le de vitesse filaire.<\/p>\n<p><strong>Utilisation:<\/strong><\/p>\n<p data-start=\"1024\" data-end=\"1188\">Destin\u00e9 aux logements exigeant une gestion intelligente de la ventilation, avec plus de flexibilit\u00e9 et d\u2019automatisation pour un confort optimal.<\/p>\n<p data-start=\"1024\" data-end=\"1188\"><strong>Dimensions:<\/strong><\/p>\n<p data-start=\"1024\" data-end=\"1188\">Indiqu\u00e9es sur le lien: <a href=\"https:\/\/www.broferpura.it\/fr\/Produits\/Domestic\/rdcd25ske.html\">https:\/\/www.broferpura.it\/fr\/Produits\/Domestic\/rdcd25ske.html<\/a><\/p>\n<p data-start=\"1024\" data-end=\"1188\">\n","protected":false},"featured_media":3173,"template":"","meta":{"site-sidebar-layout":"default","site-content-layout":"","ast-site-content-layout":"default","site-content-style":"default","site-sidebar-style":"default","ast-global-header-display":"","ast-banner-title-visibility":"","ast-main-header-display":"","ast-hfb-above-header-display":"","ast-hfb-below-header-display":"","ast-hfb-mobile-header-display":"","site-post-title":"","ast-breadcrumbs-content":"","ast-featured-img":"","footer-sml-layout":"","theme-transparent-header-meta":"default","adv-header-id-meta":"","stick-header-meta":"","header-above-stick-meta":"","header-main-stick-meta":"","header-below-stick-meta":"","astra-migrate-meta-layouts":"set","ast-page-background-enabled":"default","ast-page-background-meta":{"desktop":{"background-color":"var(--ast-global-color-4)","background-image":"","background-repeat":"repeat","background-position":"center center","background-size":"auto","background-attachment":"scroll","background-type":"","background-media":"","overlay-type":"","overlay-color":"","overlay-opacity":"","overlay-gradient":""},"tablet":{"background-color":"","background-image":"","background-repeat":"repeat","background-position":"center center","background-size":"auto","background-attachment":"scroll","background-type":"","background-media":"","overlay-type":"","overlay-color":"","overlay-opacity":"","overlay-gradient":""},"mobile":{"background-color":"","background-image":"","background-repeat":"repeat","background-position":"center center","background-size":"auto","background-attachment":"scroll","background-type":"","background-media":"","overlay-type":"","overlay-color":"","overlay-opacity":"","overlay-gradient":""}},"ast-content-background-meta":{"desktop":{"background-color":"var(--ast-global-color-5)","background-image":"","background-repeat":"repeat","background-position":"center center","background-size":"auto","background-attachment":"scroll","background-type":"","background-media":"","overlay-type":"","overlay-color":"","overlay-opacity":"","overlay-gradient":""},"tablet":{"background-color":"var(--ast-global-color-5)","background-image":"","background-repeat":"repeat","background-position":"center center","background-size":"auto","background-attachment":"scroll","background-type":"","background-media":"","overlay-type":"","overlay-color":"","overlay-opacity":"","overlay-gradient":""},"mobile":{"background-color":"var(--ast-global-color-5)","background-image":"","background-repeat":"repeat","background-position":"center center","background-size":"auto","background-attachment":"scroll","background-type":"","background-media":"","overlay-type":"","overlay-color":"","overlay-opacity":"","overlay-gradient":""}}},"product_brand":[],"product_cat":[57],"product_tag":[],"class_list":{"0":"post-3177","1":"product","2":"type-product","3":"status-publish","4":"has-post-thumbnail","6":"product_cat-domestic","7":"desktop-align-center","8":"tablet-align-left","9":"mobile-align-left","11":"first","12":"instock","13":"shipping-taxable","14":"product-type-simple"},"_links":{"self":[{"href":"https:\/\/guidappro-dz.com\/index.php?rest_route=\/wp\/v2\/product\/3177","targetHints":{"allow":["GET"]}}],"collection":[{"href":"https:\/\/guidappro-dz.com\/index.php?rest_route=\/wp\/v2\/product"}],"about":[{"href":"https:\/\/guidappro-dz.com\/index.php?rest_route=\/wp\/v2\/types\/product"}],"wp:featuredmedia":[{"embeddable":true,"href":"https:\/\/guidappro-dz.com\/index.php?rest_route=\/wp\/v2\/media\/3173"}],"wp:attachment":[{"href":"https:\/\/guidappro-dz.com\/index.php?rest_route=%2Fwp%2Fv2%2Fmedia&parent=3177"}],"wp:term":[{"taxonomy":"product_brand","embeddable":true,"href":"https:\/\/guidappro-dz.com\/index.php?rest_route=%2Fwp%2Fv2%2Fproduct_brand&post=3177"},{"taxonomy":"product_cat","embeddable":true,"href":"https:\/\/guidappro-dz.com\/index.php?rest_route=%2Fwp%2Fv2%2Fproduct_cat&post=3177"},{"taxonomy":"product_tag","embeddable":true,"href":"https:\/\/guidappro-dz.com\/index.php?rest_route=%2Fwp%2Fv2%2Fproduct_tag&post=3177"}],"curies":[{"name":"wp","href":"https:\/\/api.w.org\/{rel}","templated":true}]}}