{"id":3216,"date":"2025-06-11T08:03:29","date_gmt":"2025-06-11T08:03:29","guid":{"rendered":"https:\/\/guidappro-dz.com\/?post_type=product&#038;p=3216"},"modified":"2025-06-11T08:03:30","modified_gmt":"2025-06-11T08:03:30","slug":"dlfl","status":"publish","type":"product","link":"https:\/\/guidappro-dz.com\/?product=dlfl","title":{"rendered":"DLFL"},"content":{"rendered":"","protected":false},"excerpt":{"rendered":"<p>Diffuseur lin\u00e9aire \u00e0 fente unique, avec d\u00e9flecteur, sans cadre pour une installation discr\u00e8te au mur ou au plafond.<\/p>\n<p><strong>Utilisation :\u00a0<\/strong><\/p>\n<p>Con\u00e7u pour l\u2019insufflation et la reprise d\u2019air, avec possibilit\u00e9 de jet d\u2019air frontal ou lat\u00e9ral, adapt\u00e9 aux installations murales ou plafonni\u00e8res dans les espaces r\u00e9sidentiels ou tertiaires.<\/p>\n<p><strong>Fiche technique :<\/strong><\/p>\n<p><a href=\"https:\/\/www.brofer.it\/en\/contenuti\/documento\/6597\">https:\/\/www.brofer.it\/en\/contenuti\/documento\/6597<\/a><\/p>\n","protected":false},"featured_media":3217,"template":"","meta":{"site-sidebar-layout":"default","site-content-layout":"","ast-site-content-layout":"default","site-content-style":"default","site-sidebar-style":"default","ast-global-header-display":"","ast-banner-title-visibility":"","ast-main-header-display":"","ast-hfb-above-header-display":"","ast-hfb-below-header-display":"","ast-hfb-mobile-header-display":"","site-post-title":"","ast-breadcrumbs-content":"","ast-featured-img":"","footer-sml-layout":"","theme-transparent-header-meta":"default","adv-header-id-meta":"","stick-header-meta":"","header-above-stick-meta":"","header-main-stick-meta":"","header-below-stick-meta":"","astra-migrate-meta-layouts":"set","ast-page-background-enabled":"default","ast-page-background-meta":{"desktop":{"background-color":"var(--ast-global-color-4)","background-image":"","background-repeat":"repeat","background-position":"center center","background-size":"auto","background-attachment":"scroll","background-type":"","background-media":"","overlay-type":"","overlay-color":"","overlay-opacity":"","overlay-gradient":""},"tablet":{"background-color":"","background-image":"","background-repeat":"repeat","background-position":"center center","background-size":"auto","background-attachment":"scroll","background-type":"","background-media":"","overlay-type":"","overlay-color":"","overlay-opacity":"","overlay-gradient":""},"mobile":{"background-color":"","background-image":"","background-repeat":"repeat","background-position":"center center","background-size":"auto","background-attachment":"scroll","background-type":"","background-media":"","overlay-type":"","overlay-color":"","overlay-opacity":"","overlay-gradient":""}},"ast-content-background-meta":{"desktop":{"background-color":"var(--ast-global-color-5)","background-image":"","background-repeat":"repeat","background-position":"center center","background-size":"auto","background-attachment":"scroll","background-type":"","background-media":"","overlay-type":"","overlay-color":"","overlay-opacity":"","overlay-gradient":""},"tablet":{"background-color":"var(--ast-global-color-5)","background-image":"","background-repeat":"repeat","background-position":"center center","background-size":"auto","background-attachment":"scroll","background-type":"","background-media":"","overlay-type":"","overlay-color":"","overlay-opacity":"","overlay-gradient":""},"mobile":{"background-color":"var(--ast-global-color-5)","background-image":"","background-repeat":"repeat","background-position":"center center","background-size":"auto","background-attachment":"scroll","background-type":"","background-media":"","overlay-type":"","overlay-color":"","overlay-opacity":"","overlay-gradient":""}}},"product_brand":[],"product_cat":[40],"product_tag":[],"class_list":{"0":"post-3216","1":"product","2":"type-product","3":"status-publish","4":"has-post-thumbnail","6":"product_cat-diffuseur-dair","7":"desktop-align-center","8":"tablet-align-left","9":"mobile-align-left","11":"first","12":"instock","13":"shipping-taxable","14":"product-type-simple"},"_links":{"self":[{"href":"https:\/\/guidappro-dz.com\/index.php?rest_route=\/wp\/v2\/product\/3216","targetHints":{"allow":["GET"]}}],"collection":[{"href":"https:\/\/guidappro-dz.com\/index.php?rest_route=\/wp\/v2\/product"}],"about":[{"href":"https:\/\/guidappro-dz.com\/index.php?rest_route=\/wp\/v2\/types\/product"}],"wp:featuredmedia":[{"embeddable":true,"href":"https:\/\/guidappro-dz.com\/index.php?rest_route=\/wp\/v2\/media\/3217"}],"wp:attachment":[{"href":"https:\/\/guidappro-dz.com\/index.php?rest_route=%2Fwp%2Fv2%2Fmedia&parent=3216"}],"wp:term":[{"taxonomy":"product_brand","embeddable":true,"href":"https:\/\/guidappro-dz.com\/index.php?rest_route=%2Fwp%2Fv2%2Fproduct_brand&post=3216"},{"taxonomy":"product_cat","embeddable":true,"href":"https:\/\/guidappro-dz.com\/index.php?rest_route=%2Fwp%2Fv2%2Fproduct_cat&post=3216"},{"taxonomy":"product_tag","embeddable":true,"href":"https:\/\/guidappro-dz.com\/index.php?rest_route=%2Fwp%2Fv2%2Fproduct_tag&post=3216"}],"curies":[{"name":"wp","href":"https:\/\/api.w.org\/{rel}","templated":true}]}}