{"id":3251,"date":"2025-09-16T10:28:18","date_gmt":"2025-09-16T10:28:18","guid":{"rendered":"https:\/\/guidappro-dz.com\/?post_type=product&#038;p=3251"},"modified":"2025-09-16T10:28:18","modified_gmt":"2025-09-16T10:28:18","slug":"dln","status":"publish","type":"product","link":"https:\/\/guidappro-dz.com\/?product=dln","title":{"rendered":"DLN"},"content":{"rendered":"","protected":false},"excerpt":{"rendered":"<p>Diffuseurs lin\u00e9aires \u00e0 fentes avec d\u00e9flecteur en aluminium anodis\u00e9.<\/p>\n<p data-start=\"205\" data-end=\"445\"><strong data-start=\"205\" data-end=\"222\">Utilisation :<\/strong><br data-start=\"222\" data-end=\"225\" \/>Pour installation au plafond ou au mur, en insufflation ou en reprise d\u2019air.<br data-start=\"301\" data-end=\"304\" \/>\u2013 Plafond : insufflation ou reprise d\u2019air de 2,5 \u00e0 3,1 m.<br data-start=\"361\" data-end=\"364\" \/>\u2013 Plafond ou mur : insufflation d\u2019air de 2,4 \u00e0 11,5 m.<br data-start=\"418\" data-end=\"421\" data-is-only-node=\"\" \/>\u2013 Mur : reprise d\u2019air.<\/p>\n<p data-start=\"205\" data-end=\"445\"><strong>Fiche technique :<\/strong><\/p>\n<p data-start=\"205\" data-end=\"445\"><a href=\"https:\/\/www.brofer.it\/en\/contenuti\/documento\/6600\">https:\/\/www.brofer.it\/en\/contenuti\/documento\/6600<\/a><\/p>\n<p data-start=\"205\" data-end=\"445\">\n","protected":false},"featured_media":3252,"template":"","meta":{"site-sidebar-layout":"default","site-content-layout":"","ast-site-content-layout":"default","site-content-style":"default","site-sidebar-style":"default","ast-global-header-display":"","ast-banner-title-visibility":"","ast-main-header-display":"","ast-hfb-above-header-display":"","ast-hfb-below-header-display":"","ast-hfb-mobile-header-display":"","site-post-title":"","ast-breadcrumbs-content":"","ast-featured-img":"","footer-sml-layout":"","theme-transparent-header-meta":"default","adv-header-id-meta":"","stick-header-meta":"","header-above-stick-meta":"","header-main-stick-meta":"","header-below-stick-meta":"","astra-migrate-meta-layouts":"set","ast-page-background-enabled":"default","ast-page-background-meta":{"desktop":{"background-color":"var(--ast-global-color-4)","background-image":"","background-repeat":"repeat","background-position":"center center","background-size":"auto","background-attachment":"scroll","background-type":"","background-media":"","overlay-type":"","overlay-color":"","overlay-opacity":"","overlay-gradient":""},"tablet":{"background-color":"","background-image":"","background-repeat":"repeat","background-position":"center center","background-size":"auto","background-attachment":"scroll","background-type":"","background-media":"","overlay-type":"","overlay-color":"","overlay-opacity":"","overlay-gradient":""},"mobile":{"background-color":"","background-image":"","background-repeat":"repeat","background-position":"center center","background-size":"auto","background-attachment":"scroll","background-type":"","background-media":"","overlay-type":"","overlay-color":"","overlay-opacity":"","overlay-gradient":""}},"ast-content-background-meta":{"desktop":{"background-color":"var(--ast-global-color-5)","background-image":"","background-repeat":"repeat","background-position":"center center","background-size":"auto","background-attachment":"scroll","background-type":"","background-media":"","overlay-type":"","overlay-color":"","overlay-opacity":"","overlay-gradient":""},"tablet":{"background-color":"var(--ast-global-color-5)","background-image":"","background-repeat":"repeat","background-position":"center center","background-size":"auto","background-attachment":"scroll","background-type":"","background-media":"","overlay-type":"","overlay-color":"","overlay-opacity":"","overlay-gradient":""},"mobile":{"background-color":"var(--ast-global-color-5)","background-image":"","background-repeat":"repeat","background-position":"center center","background-size":"auto","background-attachment":"scroll","background-type":"","background-media":"","overlay-type":"","overlay-color":"","overlay-opacity":"","overlay-gradient":""}}},"product_brand":[],"product_cat":[40],"product_tag":[],"class_list":{"0":"post-3251","1":"product","2":"type-product","3":"status-publish","4":"has-post-thumbnail","6":"product_cat-diffuseur-dair","7":"desktop-align-center","8":"tablet-align-left","9":"mobile-align-left","11":"first","12":"instock","13":"shipping-taxable","14":"product-type-simple"},"_links":{"self":[{"href":"https:\/\/guidappro-dz.com\/index.php?rest_route=\/wp\/v2\/product\/3251","targetHints":{"allow":["GET"]}}],"collection":[{"href":"https:\/\/guidappro-dz.com\/index.php?rest_route=\/wp\/v2\/product"}],"about":[{"href":"https:\/\/guidappro-dz.com\/index.php?rest_route=\/wp\/v2\/types\/product"}],"wp:featuredmedia":[{"embeddable":true,"href":"https:\/\/guidappro-dz.com\/index.php?rest_route=\/wp\/v2\/media\/3252"}],"wp:attachment":[{"href":"https:\/\/guidappro-dz.com\/index.php?rest_route=%2Fwp%2Fv2%2Fmedia&parent=3251"}],"wp:term":[{"taxonomy":"product_brand","embeddable":true,"href":"https:\/\/guidappro-dz.com\/index.php?rest_route=%2Fwp%2Fv2%2Fproduct_brand&post=3251"},{"taxonomy":"product_cat","embeddable":true,"href":"https:\/\/guidappro-dz.com\/index.php?rest_route=%2Fwp%2Fv2%2Fproduct_cat&post=3251"},{"taxonomy":"product_tag","embeddable":true,"href":"https:\/\/guidappro-dz.com\/index.php?rest_route=%2Fwp%2Fv2%2Fproduct_tag&post=3251"}],"curies":[{"name":"wp","href":"https:\/\/api.w.org\/{rel}","templated":true}]}}