{"id":3258,"date":"2025-12-09T07:57:33","date_gmt":"2025-12-09T07:57:33","guid":{"rendered":"https:\/\/guidappro-dz.com\/?post_type=product&#038;p=3258"},"modified":"2025-12-09T08:01:54","modified_gmt":"2025-12-09T08:01:54","slug":"dtm","status":"publish","type":"product","link":"https:\/\/guidappro-dz.com\/?product=dtm","title":{"rendered":"DTM"},"content":{"rendered":"","protected":false},"excerpt":{"rendered":"<p class=\"fw-bold mb-4\">Ventilateurs centrifuges double ou\u00efe avec moteur direct, et turbine \u00e0 action<\/p>\n<p class=\"mb-5\"><strong>Ventilateur :<\/strong><br \/>\n\u2022 Virole en t\u00f4le d&rsquo;acier galvanis\u00e9e.<br \/>\n\u2022 Turbine \u00e0 action en t\u00f4le d&rsquo;acier galvanis\u00e9e.<br \/>\n\u2022 Disponibles avec pieds de support CPS.<\/p>\n<p><strong>Moteur :<\/strong><br \/>\n\u2022 High efficiency (HE) moteurs conformes \u00e0 ErP 2015.<br \/>\n\u2022 Moteurs ferm\u00e9s avec protecteur thermique int\u00e9gr\u00e9, classe F, avec roulements \u00e0 billes, protection IP54.<br \/>\n\u2022 Monophas\u00e9 220-240 V 50 Hz, et triphas\u00e9 220-240\/380-415 V 50 Hz.<br \/>\n\u2022 Temp\u00e9rature de fonctionnement : -25 \u00baC +60 \u00baC.<\/p>\n<p><strong>Finition :<\/strong><br \/>\n\u2022 T\u00f4le d&rsquo;acier galvanis\u00e9.<\/p>\n<p><strong>Fiche technique :<\/strong><\/p>\n<p><a href=\"https:\/\/www.sisteven.com\/fr\/ventilacion?id=0.1000001003\">https:\/\/www.sisteven.com\/fr\/ventilacion?id=0.1000001003<\/a><\/p>\n<p>&nbsp;<\/p>\n<p>&nbsp;<\/p>\n","protected":false},"featured_media":3259,"template":"","meta":{"site-sidebar-layout":"default","site-content-layout":"","ast-site-content-layout":"default","site-content-style":"default","site-sidebar-style":"default","ast-global-header-display":"","ast-banner-title-visibility":"","ast-main-header-display":"","ast-hfb-above-header-display":"","ast-hfb-below-header-display":"","ast-hfb-mobile-header-display":"","site-post-title":"","ast-breadcrumbs-content":"","ast-featured-img":"","footer-sml-layout":"","theme-transparent-header-meta":"default","adv-header-id-meta":"","stick-header-meta":"","header-above-stick-meta":"","header-main-stick-meta":"","header-below-stick-meta":"","astra-migrate-meta-layouts":"set","ast-page-background-enabled":"default","ast-page-background-meta":{"desktop":{"background-color":"var(--ast-global-color-4)","background-image":"","background-repeat":"repeat","background-position":"center center","background-size":"auto","background-attachment":"scroll","background-type":"","background-media":"","overlay-type":"","overlay-color":"","overlay-opacity":"","overlay-gradient":""},"tablet":{"background-color":"","background-image":"","background-repeat":"repeat","background-position":"center center","background-size":"auto","background-attachment":"scroll","background-type":"","background-media":"","overlay-type":"","overlay-color":"","overlay-opacity":"","overlay-gradient":""},"mobile":{"background-color":"","background-image":"","background-repeat":"repeat","background-position":"center center","background-size":"auto","background-attachment":"scroll","background-type":"","background-media":"","overlay-type":"","overlay-color":"","overlay-opacity":"","overlay-gradient":""}},"ast-content-background-meta":{"desktop":{"background-color":"var(--ast-global-color-5)","background-image":"","background-repeat":"repeat","background-position":"center center","background-size":"auto","background-attachment":"scroll","background-type":"","background-media":"","overlay-type":"","overlay-color":"","overlay-opacity":"","overlay-gradient":""},"tablet":{"background-color":"var(--ast-global-color-5)","background-image":"","background-repeat":"repeat","background-position":"center center","background-size":"auto","background-attachment":"scroll","background-type":"","background-media":"","overlay-type":"","overlay-color":"","overlay-opacity":"","overlay-gradient":""},"mobile":{"background-color":"var(--ast-global-color-5)","background-image":"","background-repeat":"repeat","background-position":"center center","background-size":"auto","background-attachment":"scroll","background-type":"","background-media":"","overlay-type":"","overlay-color":"","overlay-opacity":"","overlay-gradient":""}}},"product_brand":[],"product_cat":[51],"product_tag":[],"class_list":{"0":"post-3258","1":"product","2":"type-product","3":"status-publish","4":"has-post-thumbnail","6":"product_cat-ventilateurs-centrifuge","7":"desktop-align-center","8":"tablet-align-left","9":"mobile-align-left","11":"first","12":"instock","13":"shipping-taxable","14":"product-type-simple"},"_links":{"self":[{"href":"https:\/\/guidappro-dz.com\/index.php?rest_route=\/wp\/v2\/product\/3258","targetHints":{"allow":["GET"]}}],"collection":[{"href":"https:\/\/guidappro-dz.com\/index.php?rest_route=\/wp\/v2\/product"}],"about":[{"href":"https:\/\/guidappro-dz.com\/index.php?rest_route=\/wp\/v2\/types\/product"}],"wp:featuredmedia":[{"embeddable":true,"href":"https:\/\/guidappro-dz.com\/index.php?rest_route=\/wp\/v2\/media\/3259"}],"wp:attachment":[{"href":"https:\/\/guidappro-dz.com\/index.php?rest_route=%2Fwp%2Fv2%2Fmedia&parent=3258"}],"wp:term":[{"taxonomy":"product_brand","embeddable":true,"href":"https:\/\/guidappro-dz.com\/index.php?rest_route=%2Fwp%2Fv2%2Fproduct_brand&post=3258"},{"taxonomy":"product_cat","embeddable":true,"href":"https:\/\/guidappro-dz.com\/index.php?rest_route=%2Fwp%2Fv2%2Fproduct_cat&post=3258"},{"taxonomy":"product_tag","embeddable":true,"href":"https:\/\/guidappro-dz.com\/index.php?rest_route=%2Fwp%2Fv2%2Fproduct_tag&post=3258"}],"curies":[{"name":"wp","href":"https:\/\/api.w.org\/{rel}","templated":true}]}}